{"id":331,"date":"2020-05-17T22:29:49","date_gmt":"2020-05-17T22:29:49","guid":{"rendered":"https:\/\/sisnet.com.ec\/?page_id=331"},"modified":"2023-12-20T03:28:36","modified_gmt":"2023-12-20T03:28:36","slug":"soluciones-de-datos","status":"publish","type":"page","link":"https:\/\/www.carbonio.com.ec\/?page_id=331","title":{"rendered":"NUBE DE DATOS"},"content":{"rendered":"<h5>Construye tu propia Nube de archivos con Nextcloud<\/h5>\n<p>&nbsp;<\/p>\n<p><img loading=\"lazy\" decoding=\"async\" class=\"alignnone wp-image-876 aligncenter\" src=\"http:\/\/www.carbonio.com.ec\/wp-content\/uploads\/2023\/12\/cloud1-300x169.png\" alt=\"\" width=\"515\" height=\"290\" srcset=\"https:\/\/www.carbonio.com.ec\/wp-content\/uploads\/2023\/12\/cloud1-300x169.png 300w, https:\/\/www.carbonio.com.ec\/wp-content\/uploads\/2023\/12\/cloud1-1024x576.png 1024w, https:\/\/www.carbonio.com.ec\/wp-content\/uploads\/2023\/12\/cloud1-768x432.png 768w, https:\/\/www.carbonio.com.ec\/wp-content\/uploads\/2023\/12\/cloud1-1536x864.png 1536w, https:\/\/www.carbonio.com.ec\/wp-content\/uploads\/2023\/12\/cloud1-2048x1152.png 2048w, https:\/\/www.carbonio.com.ec\/wp-content\/uploads\/2023\/12\/cloud1-2000x1125.png 2000w\" sizes=\"auto, (max-width: 515px) 100vw, 515px\" \/><\/p>\n<p>&nbsp;<\/p>\n<p style=\"text-align: justify;\"><strong>Nextcloud<\/strong> es un software Open Source que nos permite alojar archivos en la Nube y, adem\u00e1s permite visualizarlos directamente desde un sitio web o apps, compartirlos, etc.<\/p>\n<p style=\"text-align: justify;\">Forma parte del Cat\u00e1logo de Aplicaciones de Arsys, por lo que podemos desplegarlo muy f\u00e1cilmente sobre\u00a0Servidores Cloud, por lo que<strong> contaremos con un entorno seguro, flexible y siempre disponible<\/strong>, tal y como requieren este tipo de proyectos, y muy especialmente, en el entorno corporativo.<\/p>\n<p style=\"text-align: justify;\">En su rango de funcionalidades resulta muy similar a otros productos altamente conocidos como Dropbox, OneDrive o Google Drive. Sin embargo, tiene algunas particularidades que lo pueden hacer m\u00e1s adecuado sobre todo en el \u00e1mbito empresarial. La principal diferencia es que los archivos almacenados con Nextcloud permanecen en los servidores en los que lo instalemos y, por tanto, se puede mantener un control minucioso y personalizado del tr\u00e1nsito y el acceso a la informaci\u00f3n, as\u00ed como integrar el servicio de almacenamiento en los procesos espec\u00edficos de la empresa.<\/p>\n<p><strong>FUNCIONALIDADES DE NEXTCLOUD<\/strong><\/p>\n<ul>\n<li style=\"text-align: justify;\"><strong>Almacenamiento de todo tipo de archivos<\/strong>, con la posibilidad de visualizaci\u00f3n online, incluso para documentos multimedia.<\/li>\n<li style=\"text-align: justify;\"><strong>Sincronizaci\u00f3n<\/strong>, de modo que los archivos se env\u00edan al servidor y se comparten las actualizaciones con otros usuarios de manera autom\u00e1tica.<\/li>\n<li style=\"text-align: justify;\"><strong>Acceso universal<\/strong>, tanto a trav\u00e9s del sitio web como de las aplicaciones m\u00f3viles o desktop. Los clientes pueden manejar varias cuentas y notificar a otros usuarios sobre su actividad.<\/li>\n<li style=\"text-align: justify;\"><strong>Seguridad<\/strong>. La transferencia de archivos se realiza encriptada, e incluso el almacenamiento, si as\u00ed se desea.\u00a0 Y como la soluci\u00f3n se aloja en nuestros propios servidores, nunca se pierde el control.<\/li>\n<li style=\"text-align: justify;\"><strong>Integraci\u00f3n con otras aplicaciones.<\/strong> Es capaz de funcionar con una gran cantidad de servicios y tecnolog\u00edas, como FTP, SharePoint, NFS, incluso se integra con servicios similares como Dropbox.<\/li>\n<li style=\"text-align: justify;\"><strong>Configuraci\u00f3n de acceso granular.<\/strong> Cada archivo puede tener su configuraci\u00f3n personalizada de acceso, con la posibilidad de compartir links p\u00fablicos protegidos por clave.<\/li>\n<li style=\"text-align: justify;\"><strong>Monitorizaci\u00f3n<\/strong>. Permite obtener reportes de uso del servicio, de modo que los administradores puedan estar al d\u00eda sobre la salud del sistema y el uso de la informaci\u00f3n almacenada.<\/li>\n<li style=\"text-align: justify;\"><strong>Administraci\u00f3n del workflow.<\/strong> Es posible crear reglas de negocio dentro de la aplicaci\u00f3n, de modo que los administradores pueden configurar el flujo o acceso de la informaci\u00f3n de manera autom\u00e1tica<\/li>\n<\/ul>\n<p style=\"text-align: justify;\">Este tipo de software resulta especialmente adecuado para instalarlo sobre un Servidor Cloud.\u00a0 y m\u00e1s si es algo que podemos hacer en s\u00f3lo unos clics, como sucede en Arsys.<\/p>\n<p>&nbsp;<\/p>\n<p><img loading=\"lazy\" decoding=\"async\" class=\" wp-image-878 aligncenter\" src=\"http:\/\/www.carbonio.com.ec\/wp-content\/uploads\/2023\/12\/cloud2-300x168.png\" alt=\"\" width=\"473\" height=\"265\" srcset=\"https:\/\/www.carbonio.com.ec\/wp-content\/uploads\/2023\/12\/cloud2-300x168.png 300w, https:\/\/www.carbonio.com.ec\/wp-content\/uploads\/2023\/12\/cloud2-1024x574.png 1024w, https:\/\/www.carbonio.com.ec\/wp-content\/uploads\/2023\/12\/cloud2-768x431.png 768w, https:\/\/www.carbonio.com.ec\/wp-content\/uploads\/2023\/12\/cloud2.png 1232w\" sizes=\"auto, (max-width: 473px) 100vw, 473px\" \/><\/p>\n<p>&nbsp;<\/p>\n<p style=\"text-align: justify;\">Gracias a la posibilidad de mantener los recursos de los servidores constantemente ajustados a las necesidades reales de la aplicaci\u00f3n, las empresas pueden ahorrar costes, ya que solo se paga por los recursos que realmente se van a consumir. Es perfectamente posible comenzar con un espacio en disco reducido e ir aumentando la capacidad de almacenamiento del servidor a medida que se vaya haciendo necesario.<\/p>\n<p style=\"text-align: justify;\">Adem\u00e1s, en este caso de uso resulta especialmente interesante la posibilidad de usar los espacios de almacenamiento de bloques o Block Storage de Cloudbuilder Next, que nos permiten agregar espacios de alojamiento en los servidores de manera ilimitada, cuando las necesidades de almacenamiento lo demanden. De este modo, nunca nos quedaremos sin espacio, incluso en los escenarios m\u00e1s exigentes.<\/p>\n","protected":false},"excerpt":{"rendered":"<p>Construye tu propia Nube de archivos con Nextcloud &nbsp; &nbsp; Nextcloud es un software Open Source que nos permite alojar archivos en la Nube y, adem\u00e1s permite visualizarlos directamente desde un sitio web o apps, compartirlos, etc. Forma parte del Cat\u00e1logo de Aplicaciones de Arsys, por lo que podemos desplegarlo muy f\u00e1cilmente sobre\u00a0Servidores Cloud, por [&hellip;]<\/p>\n","protected":false},"author":1,"featured_media":0,"parent":0,"menu_order":0,"comment_status":"closed","ping_status":"closed","template":"","meta":{"footnotes":""},"class_list":["post-331","page","type-page","status-publish","hentry"],"_links":{"self":[{"href":"https:\/\/www.carbonio.com.ec\/index.php?rest_route=\/wp\/v2\/pages\/331","targetHints":{"allow":["GET"]}}],"collection":[{"href":"https:\/\/www.carbonio.com.ec\/index.php?rest_route=\/wp\/v2\/pages"}],"about":[{"href":"https:\/\/www.carbonio.com.ec\/index.php?rest_route=\/wp\/v2\/types\/page"}],"author":[{"embeddable":true,"href":"https:\/\/www.carbonio.com.ec\/index.php?rest_route=\/wp\/v2\/users\/1"}],"replies":[{"embeddable":true,"href":"https:\/\/www.carbonio.com.ec\/index.php?rest_route=%2Fwp%2Fv2%2Fcomments&post=331"}],"version-history":[{"count":8,"href":"https:\/\/www.carbonio.com.ec\/index.php?rest_route=\/wp\/v2\/pages\/331\/revisions"}],"predecessor-version":[{"id":944,"href":"https:\/\/www.carbonio.com.ec\/index.php?rest_route=\/wp\/v2\/pages\/331\/revisions\/944"}],"wp:attachment":[{"href":"https:\/\/www.carbonio.com.ec\/index.php?rest_route=%2Fwp%2Fv2%2Fmedia&parent=331"}],"curies":[{"name":"wp","href":"https:\/\/api.w.org\/{rel}","templated":true}]}}