{"id":272,"date":"2020-05-17T01:09:12","date_gmt":"2020-05-17T01:09:12","guid":{"rendered":"https:\/\/sisnet.com.ec\/?page_id=272"},"modified":"2023-12-20T03:12:32","modified_gmt":"2023-12-20T03:12:32","slug":"virtualizacion","status":"publish","type":"page","link":"https:\/\/www.carbonio.com.ec\/?page_id=272","title":{"rendered":"VIRTUALIZACI\u00d3N"},"content":{"rendered":"<h3>VIRTUALIZACI\u00d3N DE SERVIDORES<\/h3>\n<p>&nbsp;<\/p>\n<p><img loading=\"lazy\" decoding=\"async\" class=\" wp-image-854 aligncenter\" src=\"http:\/\/www.carbonio.com.ec\/wp-content\/uploads\/2023\/12\/prox1-300x154.png\" alt=\"\" width=\"394\" height=\"202\" srcset=\"https:\/\/www.carbonio.com.ec\/wp-content\/uploads\/2023\/12\/prox1-300x154.png 300w, https:\/\/www.carbonio.com.ec\/wp-content\/uploads\/2023\/12\/prox1-768x395.png 768w, https:\/\/www.carbonio.com.ec\/wp-content\/uploads\/2023\/12\/prox1.png 1000w\" sizes=\"auto, (max-width: 394px) 100vw, 394px\" \/><\/p>\n<p>&nbsp;<\/p>\n<p style=\"text-align: justify;\">En <strong>SISNETCORP<\/strong>\u00a0 somos expertos en virtualizaci\u00f3n de servidores con soluciones Open Source.<\/p>\n<p style=\"text-align: justify;\">Le asesoramos y ayudamos a convertir su infraestructura a servidores virtualizados, tomando en consideraci\u00f3n el crecimiento y escalabilidad de su empresa.<\/p>\n<p style=\"text-align: justify;\">La virtualizaci\u00f3n de servidores le permite a su empresa ahorrar costos de espacio y electricidad, as\u00ed como realizar backups de sus servidores (cada servidor es un archivo).<\/p>\n<p style=\"text-align: justify;\">Dependiendo de sus necesidades, podemos virtualizar todos sus servidores en menos equipos de los que usted tiene actualmente y minimizar sus gastos que estos equipos de m\u00e1s generar\u00edan.<\/p>\n<p>Algunas reducciones de costos incluyen:<\/p>\n<p style=\"text-align: justify;\"><strong>MANTENIMIENTO:<\/strong><\/p>\n<p style=\"text-align: justify;\">Menos equipos, menor es el mantenimiento necesario de los mismos.<\/p>\n<p style=\"text-align: justify;\"><strong>ELECTRICIDAD:<\/strong><\/p>\n<p style=\"text-align: justify;\">Operar un servidor virtualizado en comparaci\u00f3n a cada servidor f\u00edsico por separado reduce sus costos de electricidad.<\/p>\n<p style=\"text-align: justify;\"><strong>ESPACIO:<\/strong><\/p>\n<p style=\"text-align: justify;\">Esta soluci\u00f3n le permite ahorrar espacio virtualizando varios servidores en una sola m\u00e1quina fija.<\/p>\n<h5 style=\"text-align: center;\">VIRTUALICE SU INFRAESTRUCTURA DE TI CON PROXMOX VE<\/h5>\n<p>&nbsp;<\/p>\n<p style=\"text-align: justify;\">Simplifique su infraestructura de <strong>TI<\/strong> con soluciones probadas de virtualizaci\u00f3n dise\u00f1adas con tecnolog\u00eda de <strong>KVM<\/strong>, la plataforma de virtualizaci\u00f3n y administraci\u00f3n en la nube.<\/p>\n<p style=\"text-align: justify;\">La virtualizaci\u00f3n con <strong>PROXMOX VE<\/strong> le ayuda a reducir costos por medio de la consolidaci\u00f3n de servidores y a disminuir los gastos operacionales mediante la automatizaci\u00f3n, al mismo tiempo que minimiza la p\u00e9rdida de ingresos reduciendo el tiempo fuera de servicio planificado y no planificado.<\/p>\n<p>&nbsp;<\/p>\n<p><img loading=\"lazy\" decoding=\"async\" class=\" wp-image-857 aligncenter\" src=\"http:\/\/www.carbonio.com.ec\/wp-content\/uploads\/2023\/12\/prox2-300x169.png\" alt=\"\" width=\"458\" height=\"258\" srcset=\"https:\/\/www.carbonio.com.ec\/wp-content\/uploads\/2023\/12\/prox2-300x169.png 300w, https:\/\/www.carbonio.com.ec\/wp-content\/uploads\/2023\/12\/prox2-768x432.png 768w, https:\/\/www.carbonio.com.ec\/wp-content\/uploads\/2023\/12\/prox2.png 1024w\" sizes=\"auto, (max-width: 458px) 100vw, 458px\" \/><\/p>\n<p>&nbsp;<\/p>\n<p style=\"text-align: justify;\">Reduzca los costos operacionales y de capital incrementando la eficiencia energ\u00e9tica y reduciendo los requerimientos de hardware con la consolidaci\u00f3n de servidores.<\/p>\n<p style=\"text-align: justify;\">Mejore las capacidades de continuidad del negocio y recuperaci\u00f3n ante desastres para su infraestructura virtualizada gracias a las soluciones de recuperaci\u00f3n ante desastres mejoradas y simplificada.<\/p>\n<p style=\"text-align: justify;\">Aproveche la automatizaci\u00f3n basada en pol\u00edticas y garantice el cumplimiento normativo y el rendimiento con una infraestructura sin intervenciones gracias a <strong>PROXMOX VE.<\/strong><\/p>\n","protected":false},"excerpt":{"rendered":"<p>VIRTUALIZACI\u00d3N DE SERVIDORES &nbsp; &nbsp; En SISNETCORP\u00a0 somos expertos en virtualizaci\u00f3n de servidores con soluciones Open Source. Le asesoramos y ayudamos a convertir su infraestructura a servidores virtualizados, tomando en consideraci\u00f3n el crecimiento y escalabilidad de su empresa. La virtualizaci\u00f3n de servidores le permite a su empresa ahorrar costos de espacio y electricidad, as\u00ed como [&hellip;]<\/p>\n","protected":false},"author":1,"featured_media":0,"parent":0,"menu_order":0,"comment_status":"closed","ping_status":"closed","template":"","meta":{"footnotes":""},"class_list":["post-272","page","type-page","status-publish","hentry"],"_links":{"self":[{"href":"https:\/\/www.carbonio.com.ec\/index.php?rest_route=\/wp\/v2\/pages\/272","targetHints":{"allow":["GET"]}}],"collection":[{"href":"https:\/\/www.carbonio.com.ec\/index.php?rest_route=\/wp\/v2\/pages"}],"about":[{"href":"https:\/\/www.carbonio.com.ec\/index.php?rest_route=\/wp\/v2\/types\/page"}],"author":[{"embeddable":true,"href":"https:\/\/www.carbonio.com.ec\/index.php?rest_route=\/wp\/v2\/users\/1"}],"replies":[{"embeddable":true,"href":"https:\/\/www.carbonio.com.ec\/index.php?rest_route=%2Fwp%2Fv2%2Fcomments&post=272"}],"version-history":[{"count":15,"href":"https:\/\/www.carbonio.com.ec\/index.php?rest_route=\/wp\/v2\/pages\/272\/revisions"}],"predecessor-version":[{"id":935,"href":"https:\/\/www.carbonio.com.ec\/index.php?rest_route=\/wp\/v2\/pages\/272\/revisions\/935"}],"wp:attachment":[{"href":"https:\/\/www.carbonio.com.ec\/index.php?rest_route=%2Fwp%2Fv2%2Fmedia&parent=272"}],"curies":[{"name":"wp","href":"https:\/\/api.w.org\/{rel}","templated":true}]}}